{"id":11,"date":"2025-10-06T15:42:57","date_gmt":"2025-10-06T15:42:57","guid":{"rendered":"http:\/\/zswanevolutionmedium.fr\/?page_id=11"},"modified":"2025-11-03T16:56:27","modified_gmt":"2025-11-03T14:56:27","slug":"a-propos","status":"publish","type":"page","link":"https:\/\/zswanevolutionmedium.fr\/en\/a-propos\/","title":{"rendered":"\u00c0 propos"},"content":{"rendered":"<div class=\"wp-block-group alignfull is-layout-constrained wp-block-group-is-layout-constrained\">\n<div class=\"wp-block-essential-blocks-row alignfull  root-eb-row-h9n3i\"><div class=\"eb-parent-wrapper eb-parent-eb-row-h9n3i\"><div class=\"eb-row-root-container eb-row-h9n3i\" data-id=\"eb-row-h9n3i\"><div class=\"eb-row-wrapper\"><div class=\"eb-row-inner\">\n<div class=\"wp-block-essential-blocks-column  root-eb-column-shnnj\"><div class=\"eb-parent-wrapper eb-parent-eb-column-shnnj\"><div class=\"eb-column-wrapper eb-column-shnnj\"><div class=\"eb-column-inner\">\n<figure class=\"wp-block-image size-large has-custom-border\" style=\"border-top-right-radius:230px;border-bottom-right-radius:230px;border-top-color:var(--wp--preset--color--custom-or);border-top-width:2px;border-right-color:var(--wp--preset--color--custom-or);border-right-width:2px;border-bottom-color:var(--wp--preset--color--custom-or);border-bottom-width:2px;border-left-style:none;border-left-width:0px\"><img loading=\"lazy\" decoding=\"async\" width=\"683\" height=\"1024\" src=\"https:\/\/zswanevolutionmedium.fr\/wp-content\/uploads\/2025\/10\/AL7A5273-683x1024.jpg\" alt=\"\" class=\"wp-image-264\" style=\"border-top-right-radius:230px;border-bottom-right-radius:230px;border-top-color:var(--wp--preset--color--custom-or);border-top-width:2px;border-right-color:var(--wp--preset--color--custom-or);border-right-width:2px;border-bottom-color:var(--wp--preset--color--custom-or);border-bottom-width:2px;border-left-style:none;border-left-width:0px\" srcset=\"https:\/\/zswanevolutionmedium.fr\/wp-content\/uploads\/2025\/10\/AL7A5273-683x1024.jpg 683w, https:\/\/zswanevolutionmedium.fr\/wp-content\/uploads\/2025\/10\/AL7A5273-200x300.jpg 200w, https:\/\/zswanevolutionmedium.fr\/wp-content\/uploads\/2025\/10\/AL7A5273-768x1152.jpg 768w, https:\/\/zswanevolutionmedium.fr\/wp-content\/uploads\/2025\/10\/AL7A5273-1024x1536.jpg 1024w, https:\/\/zswanevolutionmedium.fr\/wp-content\/uploads\/2025\/10\/AL7A5273-1365x2048.jpg 1365w, https:\/\/zswanevolutionmedium.fr\/wp-content\/uploads\/2025\/10\/AL7A5273-scaled.jpg 1707w\" sizes=\"auto, (max-width: 683px) 100vw, 683px\" \/><\/figure>\n<\/div><\/div><\/div><\/div>\n\n\n\n<div class=\"wp-block-essential-blocks-column  root-eb-column-jg47g\"><div class=\"eb-parent-wrapper eb-parent-eb-column-jg47g\"><div class=\"eb-column-wrapper eb-column-jg47g\"><div class=\"eb-column-inner\">\n<h1 style=\"font-size:50px;text-transform:none;\" class=\"has-text-align-center wp-block-post-title\" id=\"%c3%a0-propos\">About<\/h1>\n\n\n\n<div class=\"wp-block-essential-blocks-text  root-eb-text-2zen2\"><div class=\"eb-parent-wrapper eb-parent-eb-text-2zen2\"><div class=\"eb-text-wrapper eb-text-2zen2\" data-id=\"eb-text-2zen2\"><p class=\"eb-text\">I am Tamara, Evolutionary Medium and Mentor.<br>Behind the word Medium lies far more than a gift or a mysterious ability: <br> it is a profound metamorphosis, a true rebirth.<br>Mediumship is an initiation path, similar to the quest of a knight who moves between shadow\nand light, overcoming trials, facing obstacles, and discovering new realities.<br>It is a silent vow, a sacred commitment to oneself and to others.<\/p><\/div><\/div><\/div>\n<\/div><\/div><\/div><\/div>\n<\/div><\/div><\/div><\/div><\/div>\n\n\n\n<div class=\"wp-block-essential-blocks-row alignfull  root-eb-row-d00sa\"><div class=\"eb-parent-wrapper eb-parent-eb-row-d00sa\"><div class=\"eb-row-root-container eb-row-d00sa\" data-id=\"eb-row-d00sa\"><div class=\"eb-row-wrapper\"><div class=\"eb-row-inner\">\n<div class=\"wp-block-essential-blocks-column  root-eb-column-2x65s\"><div class=\"eb-parent-wrapper eb-parent-eb-column-2x65s\"><div class=\"eb-column-wrapper eb-column-2x65s\"><div class=\"eb-column-inner\">\n<figure class=\"wp-block-image size-full has-custom-border\" style=\"border-top-left-radius:230px;border-bottom-left-radius:230px;border-top-color:#b88a44;border-top-width:2px;border-right-style:none;border-right-width:0px;border-bottom-color:#b88a44;border-bottom-width:2px;border-left-color:#b88a44;border-left-width:2px\"><img decoding=\"async\" src=\"https:\/\/zswanevolutionmedium.fr\/wp-content\/uploads\/2025\/10\/AL7A5390.jpg\" alt=\"\" class=\"wp-image-291\" style=\"border-top-left-radius:230px;border-bottom-left-radius:230px;border-top-color:#b88a44;border-top-width:2px;border-right-style:none;border-right-width:0px;border-bottom-color:#b88a44;border-bottom-width:2px;border-left-color:#b88a44;border-left-width:2px\"><\/figure>\n<\/div><\/div><\/div><\/div>\n\n\n\n<div class=\"wp-block-essential-blocks-column  root-eb-column-i1kog\"><div class=\"eb-parent-wrapper eb-parent-eb-column-i1kog\"><div class=\"eb-column-wrapper eb-column-i1kog\"><div class=\"eb-column-inner\">\n<h2 class=\"wp-block-heading has-text-align-center\" id=\"a-qui-s-adresse-mon-mentoring\" style=\"font-size:50px;line-height:1.3;text-transform:none\">Who is my Mentoring for?<\/h2>\n\n\n\n<div class=\"wp-block-essential-blocks-text  root-eb-text-1avw8\"><div class=\"eb-parent-wrapper eb-parent-eb-text-1avw8\"><div class=\"eb-text-wrapper eb-text-1avw8\" data-id=\"eb-text-1avw8\"><p class=\"eb-text\">Whether you are on the initiation path of the Cosmic Couple (Twin Flames,<br>Cosmic Partners\/Twins), on a journey of awakening your Consciousness, seeking meaning in your\nprofessional, personal, or romantic life, or simply ready to live a life aligned with your\nessence, I will be the Ally of your Consciousness and its evolution.<br>Mentoring with me requires strength, courage, and a will of steel to go always further and\nhigher.<\/p><\/div><\/div><\/div>\n\n\n\n<div class=\"wp-block-buttons is-content-justification-center is-layout-flex wp-container-core-buttons-is-layout-a89b3969 wp-block-buttons-is-layout-flex\">\n<div class=\"wp-block-button\" style=\"border-radius:16px;margin-top:var(--wp--preset--spacing--sm);margin-bottom:var(--wp--preset--spacing--sm);padding-top:var(--wp--preset--spacing--xs);padding-right:var(--wp--preset--spacing--xs);padding-bottom:var(--wp--preset--spacing--xs);padding-left:var(--wp--preset--spacing--xs)\"><a class=\"wp-block-button__link has-neutral-0-color has-text-color has-background has-link-color has-instrument-serif-font-family has-text-align-center has-custom-font-size wp-element-button\" href=\"https:\/\/zswanevolutionmedium.fr\/en\/mentoring\/\" style=\"border-radius:16px;background:linear-gradient(180deg,rgb(0,0,0) 0%,rgb(184,138,68) 88%);margin-top:var(--wp--preset--spacing--sm);margin-bottom:var(--wp--preset--spacing--sm);padding-top:var(--wp--preset--spacing--xs);padding-right:var(--wp--preset--spacing--xs);padding-bottom:var(--wp--preset--spacing--xs);padding-left:var(--wp--preset--spacing--xs);font-size:24px;padding:var(--wp--preset--spacing--xs)\">Learn More<\/a><\/div>\n<\/div>\n<\/div><\/div><\/div><\/div>\n<\/div><\/div><\/div><\/div><\/div>\n<\/div>","protected":false},"excerpt":{"rendered":"","protected":false},"author":1,"featured_media":0,"parent":0,"menu_order":0,"comment_status":"closed","ping_status":"closed","template":"","meta":{"_eb_attr":"","footnotes":""},"class_list":["post-11","page","type-page","status-publish","hentry"],"yoast_head":"<!-- This site is optimized with the Yoast SEO plugin v27.3 - https:\/\/yoast.com\/product\/yoast-seo-wordpress\/ -->\n<title>\u00c0 propos - ZSwan Evolution Medium<\/title>\n<meta name=\"description\" content=\"D\u00e9couvrez le r\u00f4le d&#039;un Medium Evolutionnaire et Mentor, un guide sur le chemin de la transformation personnelle.\" \/>\n<meta name=\"robots\" content=\"index, follow, max-snippet:-1, max-image-preview:large, max-video-preview:-1\" \/>\n<link rel=\"canonical\" href=\"https:\/\/zswanevolutionmedium.fr\/en\/a-propos\/\" \/>\n<meta property=\"og:locale\" content=\"en_US\" \/>\n<meta property=\"og:type\" content=\"article\" \/>\n<meta property=\"og:title\" content=\"\u00c0 propos - ZSwan Evolution Medium\" \/>\n<meta property=\"og:description\" content=\"D\u00e9couvrez le r\u00f4le d&#039;un Medium Evolutionnaire et Mentor, un guide sur le chemin de la transformation personnelle.\" \/>\n<meta property=\"og:url\" content=\"https:\/\/zswanevolutionmedium.fr\/en\/a-propos\/\" \/>\n<meta property=\"og:site_name\" content=\"ZSwan Evolution Medium\" \/>\n<meta property=\"article:publisher\" content=\"https:\/\/www.facebook.com\/tamara.khoury.33\" \/>\n<meta property=\"article:modified_time\" content=\"2025-11-03T14:56:27+00:00\" \/>\n<meta property=\"og:image\" content=\"https:\/\/zswanevolutionmedium.fr\/wp-content\/uploads\/2025\/10\/AL7A5273-683x1024.jpg\" \/>\n<meta name=\"twitter:card\" content=\"summary_large_image\" \/>\n<meta name=\"twitter:label1\" content=\"Est. reading time\" \/>\n\t<meta name=\"twitter:data1\" content=\"2 minutes\" \/>\n<script type=\"application\/ld+json\" class=\"yoast-schema-graph\">{\"@context\":\"https:\\\/\\\/schema.org\",\"@graph\":[{\"@type\":\"WebPage\",\"@id\":\"https:\\\/\\\/zswanevolutionmedium.fr\\\/a-propos\\\/\",\"url\":\"https:\\\/\\\/zswanevolutionmedium.fr\\\/a-propos\\\/\",\"name\":\"\u00c0 propos - ZSwan Evolution Medium\",\"isPartOf\":{\"@id\":\"https:\\\/\\\/zswanevolutionmedium.fr\\\/#website\"},\"primaryImageOfPage\":{\"@id\":\"https:\\\/\\\/zswanevolutionmedium.fr\\\/a-propos\\\/#primaryimage\"},\"image\":{\"@id\":\"https:\\\/\\\/zswanevolutionmedium.fr\\\/a-propos\\\/#primaryimage\"},\"thumbnailUrl\":\"https:\\\/\\\/zswanevolutionmedium.fr\\\/wp-content\\\/uploads\\\/2025\\\/10\\\/AL7A5273-683x1024.jpg\",\"datePublished\":\"2025-10-06T15:42:57+00:00\",\"dateModified\":\"2025-11-03T14:56:27+00:00\",\"description\":\"D\u00e9couvrez le r\u00f4le d'un Medium Evolutionnaire et Mentor, un guide sur le chemin de la transformation personnelle.\",\"breadcrumb\":{\"@id\":\"https:\\\/\\\/zswanevolutionmedium.fr\\\/a-propos\\\/#breadcrumb\"},\"inLanguage\":\"en-US\",\"potentialAction\":[{\"@type\":\"ReadAction\",\"target\":[\"https:\\\/\\\/zswanevolutionmedium.fr\\\/a-propos\\\/\"]}]},{\"@type\":\"ImageObject\",\"inLanguage\":\"en-US\",\"@id\":\"https:\\\/\\\/zswanevolutionmedium.fr\\\/a-propos\\\/#primaryimage\",\"url\":\"https:\\\/\\\/zswanevolutionmedium.fr\\\/wp-content\\\/uploads\\\/2025\\\/10\\\/AL7A5273-683x1024.jpg\",\"contentUrl\":\"https:\\\/\\\/zswanevolutionmedium.fr\\\/wp-content\\\/uploads\\\/2025\\\/10\\\/AL7A5273-683x1024.jpg\"},{\"@type\":\"BreadcrumbList\",\"@id\":\"https:\\\/\\\/zswanevolutionmedium.fr\\\/a-propos\\\/#breadcrumb\",\"itemListElement\":[{\"@type\":\"ListItem\",\"position\":1,\"name\":\"Accueil\",\"item\":\"https:\\\/\\\/zswanevolutionmedium.fr\\\/\"},{\"@type\":\"ListItem\",\"position\":2,\"name\":\"\u00c0 propos\"}]},{\"@type\":\"WebSite\",\"@id\":\"https:\\\/\\\/zswanevolutionmedium.fr\\\/#website\",\"url\":\"https:\\\/\\\/zswanevolutionmedium.fr\\\/\",\"name\":\"ZSwan Evolution Medium - Tamara, Medium et Mentor.\",\"description\":\"\",\"publisher\":{\"@id\":\"https:\\\/\\\/zswanevolutionmedium.fr\\\/#organization\"},\"alternateName\":\"ZSwan\",\"potentialAction\":[{\"@type\":\"SearchAction\",\"target\":{\"@type\":\"EntryPoint\",\"urlTemplate\":\"https:\\\/\\\/zswanevolutionmedium.fr\\\/?s={search_term_string}\"},\"query-input\":{\"@type\":\"PropertyValueSpecification\",\"valueRequired\":true,\"valueName\":\"search_term_string\"}}],\"inLanguage\":\"en-US\"},{\"@type\":\"Organization\",\"@id\":\"https:\\\/\\\/zswanevolutionmedium.fr\\\/#organization\",\"name\":\"ZSwan Evolution Medium - Tamara, Medium et Mentor.\",\"url\":\"https:\\\/\\\/zswanevolutionmedium.fr\\\/\",\"logo\":{\"@type\":\"ImageObject\",\"inLanguage\":\"en-US\",\"@id\":\"https:\\\/\\\/zswanevolutionmedium.fr\\\/#\\\/schema\\\/logo\\\/image\\\/\",\"url\":\"https:\\\/\\\/zswanevolutionmedium.fr\\\/wp-content\\\/uploads\\\/2025\\\/10\\\/Logo-ZSWAN-Coach-VF-1.png\",\"contentUrl\":\"https:\\\/\\\/zswanevolutionmedium.fr\\\/wp-content\\\/uploads\\\/2025\\\/10\\\/Logo-ZSWAN-Coach-VF-1.png\",\"width\":1201,\"height\":1625,\"caption\":\"ZSwan Evolution Medium - Tamara, Medium et Mentor.\"},\"image\":{\"@id\":\"https:\\\/\\\/zswanevolutionmedium.fr\\\/#\\\/schema\\\/logo\\\/image\\\/\"},\"sameAs\":[\"https:\\\/\\\/www.facebook.com\\\/tamara.khoury.33\",\"https:\\\/\\\/www.youtube.com\\\/@ZSwanevolutionmedium\",\"https:\\\/\\\/www.instagram.com\\\/zswanevolutionmedium\\\/\"]}]}<\/script>\n<!-- \/ Yoast SEO plugin. -->","yoast_head_json":{"title":"\u00c0 propos - ZSwan Evolution Medium","description":"D\u00e9couvrez le r\u00f4le d'un Medium Evolutionnaire et Mentor, un guide sur le chemin de la transformation personnelle.","robots":{"index":"index","follow":"follow","max-snippet":"max-snippet:-1","max-image-preview":"max-image-preview:large","max-video-preview":"max-video-preview:-1"},"canonical":"https:\/\/zswanevolutionmedium.fr\/en\/a-propos\/","og_locale":"en_US","og_type":"article","og_title":"\u00c0 propos - ZSwan Evolution Medium","og_description":"D\u00e9couvrez le r\u00f4le d'un Medium Evolutionnaire et Mentor, un guide sur le chemin de la transformation personnelle.","og_url":"https:\/\/zswanevolutionmedium.fr\/en\/a-propos\/","og_site_name":"ZSwan Evolution Medium","article_publisher":"https:\/\/www.facebook.com\/tamara.khoury.33","article_modified_time":"2025-11-03T14:56:27+00:00","og_image":[{"url":"https:\/\/zswanevolutionmedium.fr\/wp-content\/uploads\/2025\/10\/AL7A5273-683x1024.jpg","type":"","width":"","height":""}],"twitter_card":"summary_large_image","twitter_misc":{"Est. reading time":"2 minutes"},"schema":{"@context":"https:\/\/schema.org","@graph":[{"@type":"WebPage","@id":"https:\/\/zswanevolutionmedium.fr\/a-propos\/","url":"https:\/\/zswanevolutionmedium.fr\/a-propos\/","name":"\u00c0 propos - ZSwan Evolution Medium","isPartOf":{"@id":"https:\/\/zswanevolutionmedium.fr\/#website"},"primaryImageOfPage":{"@id":"https:\/\/zswanevolutionmedium.fr\/a-propos\/#primaryimage"},"image":{"@id":"https:\/\/zswanevolutionmedium.fr\/a-propos\/#primaryimage"},"thumbnailUrl":"https:\/\/zswanevolutionmedium.fr\/wp-content\/uploads\/2025\/10\/AL7A5273-683x1024.jpg","datePublished":"2025-10-06T15:42:57+00:00","dateModified":"2025-11-03T14:56:27+00:00","description":"D\u00e9couvrez le r\u00f4le d'un Medium Evolutionnaire et Mentor, un guide sur le chemin de la transformation personnelle.","breadcrumb":{"@id":"https:\/\/zswanevolutionmedium.fr\/a-propos\/#breadcrumb"},"inLanguage":"en-US","potentialAction":[{"@type":"ReadAction","target":["https:\/\/zswanevolutionmedium.fr\/a-propos\/"]}]},{"@type":"ImageObject","inLanguage":"en-US","@id":"https:\/\/zswanevolutionmedium.fr\/a-propos\/#primaryimage","url":"https:\/\/zswanevolutionmedium.fr\/wp-content\/uploads\/2025\/10\/AL7A5273-683x1024.jpg","contentUrl":"https:\/\/zswanevolutionmedium.fr\/wp-content\/uploads\/2025\/10\/AL7A5273-683x1024.jpg"},{"@type":"BreadcrumbList","@id":"https:\/\/zswanevolutionmedium.fr\/a-propos\/#breadcrumb","itemListElement":[{"@type":"ListItem","position":1,"name":"Accueil","item":"https:\/\/zswanevolutionmedium.fr\/"},{"@type":"ListItem","position":2,"name":"\u00c0 propos"}]},{"@type":"WebSite","@id":"https:\/\/zswanevolutionmedium.fr\/#website","url":"https:\/\/zswanevolutionmedium.fr\/","name":"ZSwan Evolution Medium - Tamara, Medium et Mentor.","description":"","publisher":{"@id":"https:\/\/zswanevolutionmedium.fr\/#organization"},"alternateName":"ZSwan","potentialAction":[{"@type":"SearchAction","target":{"@type":"EntryPoint","urlTemplate":"https:\/\/zswanevolutionmedium.fr\/?s={search_term_string}"},"query-input":{"@type":"PropertyValueSpecification","valueRequired":true,"valueName":"search_term_string"}}],"inLanguage":"en-US"},{"@type":"Organization","@id":"https:\/\/zswanevolutionmedium.fr\/#organization","name":"ZSwan Evolution Medium - Tamara, Medium et Mentor.","url":"https:\/\/zswanevolutionmedium.fr\/","logo":{"@type":"ImageObject","inLanguage":"en-US","@id":"https:\/\/zswanevolutionmedium.fr\/#\/schema\/logo\/image\/","url":"https:\/\/zswanevolutionmedium.fr\/wp-content\/uploads\/2025\/10\/Logo-ZSWAN-Coach-VF-1.png","contentUrl":"https:\/\/zswanevolutionmedium.fr\/wp-content\/uploads\/2025\/10\/Logo-ZSWAN-Coach-VF-1.png","width":1201,"height":1625,"caption":"ZSwan Evolution Medium - Tamara, Medium et Mentor."},"image":{"@id":"https:\/\/zswanevolutionmedium.fr\/#\/schema\/logo\/image\/"},"sameAs":["https:\/\/www.facebook.com\/tamara.khoury.33","https:\/\/www.youtube.com\/@ZSwanevolutionmedium","https:\/\/www.instagram.com\/zswanevolutionmedium\/"]}]}},"_links":{"self":[{"href":"https:\/\/zswanevolutionmedium.fr\/en\/wp-json\/wp\/v2\/pages\/11","targetHints":{"allow":["GET"]}}],"collection":[{"href":"https:\/\/zswanevolutionmedium.fr\/en\/wp-json\/wp\/v2\/pages"}],"about":[{"href":"https:\/\/zswanevolutionmedium.fr\/en\/wp-json\/wp\/v2\/types\/page"}],"author":[{"embeddable":true,"href":"https:\/\/zswanevolutionmedium.fr\/en\/wp-json\/wp\/v2\/users\/1"}],"replies":[{"embeddable":true,"href":"https:\/\/zswanevolutionmedium.fr\/en\/wp-json\/wp\/v2\/comments?post=11"}],"version-history":[{"count":0,"href":"https:\/\/zswanevolutionmedium.fr\/en\/wp-json\/wp\/v2\/pages\/11\/revisions"}],"wp:attachment":[{"href":"https:\/\/zswanevolutionmedium.fr\/en\/wp-json\/wp\/v2\/media?parent=11"}],"curies":[{"name":"wp","href":"https:\/\/api.w.org\/{rel}","templated":true}]}}