{"id":14,"date":"2025-10-06T15:43:06","date_gmt":"2025-10-06T15:43:06","guid":{"rendered":"http:\/\/zswanevolutionmedium.fr\/?page_id=14"},"modified":"2025-11-03T17:01:58","modified_gmt":"2025-11-03T15:01:58","slug":"mentoring","status":"publish","type":"page","link":"https:\/\/zswanevolutionmedium.fr\/en\/mentoring\/","title":{"rendered":"Mentoring"},"content":{"rendered":"<div class=\"wp-block-group alignfull is-layout-constrained wp-container-core-group-is-layout-2e52014d wp-block-group-is-layout-constrained\">\n<h1 class=\"wp-block-heading has-text-align-center has-neutral-950-color has-text-color has-link-color wp-elements-8179acf139181b2f247fc483c28e0707\" id=\"mentoring-solo\" style=\"padding-top:var(--wp--preset--spacing--sm);padding-bottom:var(--wp--preset--spacing--sm);font-size:50px;line-height:1;text-transform:none\">Evolution Mentoring<\/h1>\n\n\n<figure class=\"wp-block-image aligncenter size-large\" style=\"\"><img loading=\"lazy\" decoding=\"async\" width=\"1024\" height=\"661\" src=\"https:\/\/zswanevolutionmedium.fr\/wp-content\/uploads\/2025\/10\/WhatsApp-Image-2025-10-01-at-17.16.31-1-1024x661.jpeg\" alt=\"\" class=\"wp-image-316\" srcset=\"https:\/\/zswanevolutionmedium.fr\/wp-content\/uploads\/2025\/10\/WhatsApp-Image-2025-10-01-at-17.16.31-1-1024x661.jpeg 1024w, https:\/\/zswanevolutionmedium.fr\/wp-content\/uploads\/2025\/10\/WhatsApp-Image-2025-10-01-at-17.16.31-1-300x194.jpeg 300w, https:\/\/zswanevolutionmedium.fr\/wp-content\/uploads\/2025\/10\/WhatsApp-Image-2025-10-01-at-17.16.31-1-768x496.jpeg 768w, https:\/\/zswanevolutionmedium.fr\/wp-content\/uploads\/2025\/10\/WhatsApp-Image-2025-10-01-at-17.16.31-1.jpeg 1280w\" sizes=\"auto, (max-width: 1024px) 100vw, 1024px\" \/><figcaption class=\"wp-element-caption\"><span style=\"--wp--custom--font-size:clamp(16px,1.6vw,16px);\" class=\"has-font has-inline-font-size\">The Birth of Venus, Sandro Botticelli, circa 1484<\/span><\/figcaption><\/figure>\n\n\n\n<div class=\"wp-block-essential-blocks-text  root-eb-text-r8ezi\"><div class=\"eb-parent-wrapper eb-parent-eb-text-r8ezi\"><div class=\"eb-text-wrapper eb-text-r8ezi\" data-id=\"eb-text-r8ezi\"><p class=\"eb-text\">Immerse yourself in a unique Evolutionary Mediumship experience, designed to catalyze a\nprofound paradigm shift and reveal your inner power. Each session aims to activate your\ntransformational potential by connecting you with your Self, your higher guidance, and your\nvital regenerative abilities. You will benefit from attentive listening, mentoring, and powerful\nenergetical transmission, fostering the grounding of new perspectives and the emergence of\nclear and actionable steps in your life. Each session is an invitation to transcend old patterns and fully connect with your creative\nintelligence. Through a method combining mediumship and energetical psychology, you will\nbe guided to release blockages, embrace change, and firmly anchor an unlimited field of\nstrength and possibilities. This deep mentoring supports your autonomy, respects your pace,\nand intensifies your vibrational elevation, perceptible from the very first exchanges.<br>Evolutionary Mediumship transcends distance: regardless of the communication method, it\nworks with the same precision, accuracy, and power. Sessions are conducted via video\nconference or phone, according to your preference. <\/p><\/div><\/div><\/div>\n\n\n<div class=\"wp-block-buttons is-content-justification-center is-layout-flex wp-container-core-buttons-is-layout-f7a61ddb wp-block-buttons-is-layout-flex\" style=\"margin:0 0 var(--wp--preset--spacing--xs) 0\">\n<div class=\"wp-block-button\" style=\"border-radius:16px;padding-top:var(--wp--preset--spacing--xs);padding-right:var(--wp--preset--spacing--xs);padding-bottom:var(--wp--preset--spacing--xs);padding-left:var(--wp--preset--spacing--xs)\"><a class=\"wp-block-button__link has-background has-24-font-size has-custom-font-size wp-element-button\" href=\"https:\/\/zswanevolutionmedium.fr\/en\/mentoring\/mentoring-solo\/\" style=\"border-radius:16px;background:linear-gradient(180deg,rgb(41,41,41) 0%,rgb(184,138,68) 100%);padding-top:var(--wp--preset--spacing--xs);padding-right:var(--wp--preset--spacing--xs);padding-bottom:var(--wp--preset--spacing--xs);padding-left:var(--wp--preset--spacing--xs);padding:var(--wp--preset--spacing--xs)\">Book your Solo Mentoring<\/a><\/div>\n\n\n<div class=\"wp-block-button\" style=\"border-radius:16px;padding-top:var(--wp--preset--spacing--xs);padding-right:var(--wp--preset--spacing--xs);padding-bottom:var(--wp--preset--spacing--xs);padding-left:var(--wp--preset--spacing--xs)\"><a class=\"wp-block-button__link has-background has-24-font-size has-custom-font-size wp-element-button\" href=\"https:\/\/zswanevolutionmedium.fr\/en\/mentoring\/mentoring-duo\/\" style=\"border-radius:16px;background:linear-gradient(180deg,rgb(41,41,41) 0%,rgb(184,138,68) 100%);padding-top:var(--wp--preset--spacing--xs);padding-right:var(--wp--preset--spacing--xs);padding-bottom:var(--wp--preset--spacing--xs);padding-left:var(--wp--preset--spacing--xs);padding:var(--wp--preset--spacing--xs)\">Book your Duo Mentoring<\/a><\/div>\n<\/div>\n<\/div>","protected":false},"excerpt":{"rendered":"<p>Evolution Mentoring<\/p>","protected":false},"author":1,"featured_media":0,"parent":0,"menu_order":0,"comment_status":"closed","ping_status":"closed","template":"","meta":{"_eb_attr":"","footnotes":""},"class_list":["post-14","page","type-page","status-publish","hentry"],"yoast_head":"<!-- This site is optimized with the Yoast SEO plugin v27.3 - https:\/\/yoast.com\/product\/yoast-seo-wordpress\/ -->\n<title>Mentoring - ZSwan Evolution Medium<\/title>\n<meta name=\"description\" content=\"D\u00e9couvrez ZSwan Evolution Mentoring pour lib\u00e9rer votre potentiel de transformation et r\u00e9v\u00e9ler votre pouvoir int\u00e9rieur.\" \/>\n<meta name=\"robots\" content=\"index, follow, max-snippet:-1, max-image-preview:large, max-video-preview:-1\" \/>\n<link rel=\"canonical\" href=\"https:\/\/zswanevolutionmedium.fr\/en\/mentoring\/\" \/>\n<meta property=\"og:locale\" content=\"en_US\" \/>\n<meta property=\"og:type\" content=\"article\" \/>\n<meta property=\"og:title\" content=\"Mentoring - ZSwan Evolution Medium\" \/>\n<meta property=\"og:description\" content=\"D\u00e9couvrez ZSwan Evolution Mentoring pour lib\u00e9rer votre potentiel de transformation et r\u00e9v\u00e9ler votre pouvoir int\u00e9rieur.\" \/>\n<meta property=\"og:url\" content=\"https:\/\/zswanevolutionmedium.fr\/en\/mentoring\/\" \/>\n<meta property=\"og:site_name\" content=\"ZSwan Evolution Medium\" \/>\n<meta property=\"article:publisher\" content=\"https:\/\/www.facebook.com\/tamara.khoury.33\" \/>\n<meta property=\"article:modified_time\" content=\"2025-11-03T15:01:58+00:00\" \/>\n<meta property=\"og:image\" content=\"https:\/\/zswanevolutionmedium.fr\/wp-content\/uploads\/2025\/10\/WhatsApp-Image-2025-10-01-at-17.16.31-1-1024x661.jpeg\" \/>\n<meta name=\"twitter:card\" content=\"summary_large_image\" \/>\n<meta name=\"twitter:label1\" content=\"Est. reading time\" \/>\n\t<meta name=\"twitter:data1\" content=\"2 minutes\" \/>\n<script type=\"application\/ld+json\" class=\"yoast-schema-graph\">{\"@context\":\"https:\\\/\\\/schema.org\",\"@graph\":[{\"@type\":\"WebPage\",\"@id\":\"https:\\\/\\\/zswanevolutionmedium.fr\\\/mentoring\\\/\",\"url\":\"https:\\\/\\\/zswanevolutionmedium.fr\\\/mentoring\\\/\",\"name\":\"Mentoring - ZSwan Evolution Medium\",\"isPartOf\":{\"@id\":\"https:\\\/\\\/zswanevolutionmedium.fr\\\/#website\"},\"primaryImageOfPage\":{\"@id\":\"https:\\\/\\\/zswanevolutionmedium.fr\\\/mentoring\\\/#primaryimage\"},\"image\":{\"@id\":\"https:\\\/\\\/zswanevolutionmedium.fr\\\/mentoring\\\/#primaryimage\"},\"thumbnailUrl\":\"https:\\\/\\\/zswanevolutionmedium.fr\\\/wp-content\\\/uploads\\\/2025\\\/10\\\/WhatsApp-Image-2025-10-01-at-17.16.31-1-1024x661.jpeg\",\"datePublished\":\"2025-10-06T15:43:06+00:00\",\"dateModified\":\"2025-11-03T15:01:58+00:00\",\"description\":\"D\u00e9couvrez ZSwan Evolution Mentoring pour lib\u00e9rer votre potentiel de transformation et r\u00e9v\u00e9ler votre pouvoir int\u00e9rieur.\",\"breadcrumb\":{\"@id\":\"https:\\\/\\\/zswanevolutionmedium.fr\\\/mentoring\\\/#breadcrumb\"},\"inLanguage\":\"en-US\",\"potentialAction\":[{\"@type\":\"ReadAction\",\"target\":[\"https:\\\/\\\/zswanevolutionmedium.fr\\\/mentoring\\\/\"]}]},{\"@type\":\"ImageObject\",\"inLanguage\":\"en-US\",\"@id\":\"https:\\\/\\\/zswanevolutionmedium.fr\\\/mentoring\\\/#primaryimage\",\"url\":\"https:\\\/\\\/zswanevolutionmedium.fr\\\/wp-content\\\/uploads\\\/2025\\\/10\\\/WhatsApp-Image-2025-10-01-at-17.16.31-1-1024x661.jpeg\",\"contentUrl\":\"https:\\\/\\\/zswanevolutionmedium.fr\\\/wp-content\\\/uploads\\\/2025\\\/10\\\/WhatsApp-Image-2025-10-01-at-17.16.31-1-1024x661.jpeg\"},{\"@type\":\"BreadcrumbList\",\"@id\":\"https:\\\/\\\/zswanevolutionmedium.fr\\\/mentoring\\\/#breadcrumb\",\"itemListElement\":[{\"@type\":\"ListItem\",\"position\":1,\"name\":\"Accueil\",\"item\":\"https:\\\/\\\/zswanevolutionmedium.fr\\\/\"},{\"@type\":\"ListItem\",\"position\":2,\"name\":\"Mentoring\"}]},{\"@type\":\"WebSite\",\"@id\":\"https:\\\/\\\/zswanevolutionmedium.fr\\\/#website\",\"url\":\"https:\\\/\\\/zswanevolutionmedium.fr\\\/\",\"name\":\"ZSwan Evolution Medium - Tamara, Medium et Mentor.\",\"description\":\"\",\"publisher\":{\"@id\":\"https:\\\/\\\/zswanevolutionmedium.fr\\\/#organization\"},\"alternateName\":\"ZSwan\",\"potentialAction\":[{\"@type\":\"SearchAction\",\"target\":{\"@type\":\"EntryPoint\",\"urlTemplate\":\"https:\\\/\\\/zswanevolutionmedium.fr\\\/?s={search_term_string}\"},\"query-input\":{\"@type\":\"PropertyValueSpecification\",\"valueRequired\":true,\"valueName\":\"search_term_string\"}}],\"inLanguage\":\"en-US\"},{\"@type\":\"Organization\",\"@id\":\"https:\\\/\\\/zswanevolutionmedium.fr\\\/#organization\",\"name\":\"ZSwan Evolution Medium - Tamara, Medium et Mentor.\",\"url\":\"https:\\\/\\\/zswanevolutionmedium.fr\\\/\",\"logo\":{\"@type\":\"ImageObject\",\"inLanguage\":\"en-US\",\"@id\":\"https:\\\/\\\/zswanevolutionmedium.fr\\\/#\\\/schema\\\/logo\\\/image\\\/\",\"url\":\"https:\\\/\\\/zswanevolutionmedium.fr\\\/wp-content\\\/uploads\\\/2025\\\/10\\\/Logo-ZSWAN-Coach-VF-1.png\",\"contentUrl\":\"https:\\\/\\\/zswanevolutionmedium.fr\\\/wp-content\\\/uploads\\\/2025\\\/10\\\/Logo-ZSWAN-Coach-VF-1.png\",\"width\":1201,\"height\":1625,\"caption\":\"ZSwan Evolution Medium - Tamara, Medium et Mentor.\"},\"image\":{\"@id\":\"https:\\\/\\\/zswanevolutionmedium.fr\\\/#\\\/schema\\\/logo\\\/image\\\/\"},\"sameAs\":[\"https:\\\/\\\/www.facebook.com\\\/tamara.khoury.33\",\"https:\\\/\\\/www.youtube.com\\\/@ZSwanevolutionmedium\",\"https:\\\/\\\/www.instagram.com\\\/zswanevolutionmedium\\\/\"]}]}<\/script>\n<!-- \/ Yoast SEO plugin. -->","yoast_head_json":{"title":"Mentoring - ZSwan Evolution Medium","description":"D\u00e9couvrez ZSwan Evolution Mentoring pour lib\u00e9rer votre potentiel de transformation et r\u00e9v\u00e9ler votre pouvoir int\u00e9rieur.","robots":{"index":"index","follow":"follow","max-snippet":"max-snippet:-1","max-image-preview":"max-image-preview:large","max-video-preview":"max-video-preview:-1"},"canonical":"https:\/\/zswanevolutionmedium.fr\/en\/mentoring\/","og_locale":"en_US","og_type":"article","og_title":"Mentoring - ZSwan Evolution Medium","og_description":"D\u00e9couvrez ZSwan Evolution Mentoring pour lib\u00e9rer votre potentiel de transformation et r\u00e9v\u00e9ler votre pouvoir int\u00e9rieur.","og_url":"https:\/\/zswanevolutionmedium.fr\/en\/mentoring\/","og_site_name":"ZSwan Evolution Medium","article_publisher":"https:\/\/www.facebook.com\/tamara.khoury.33","article_modified_time":"2025-11-03T15:01:58+00:00","og_image":[{"url":"https:\/\/zswanevolutionmedium.fr\/wp-content\/uploads\/2025\/10\/WhatsApp-Image-2025-10-01-at-17.16.31-1-1024x661.jpeg","type":"","width":"","height":""}],"twitter_card":"summary_large_image","twitter_misc":{"Est. reading time":"2 minutes"},"schema":{"@context":"https:\/\/schema.org","@graph":[{"@type":"WebPage","@id":"https:\/\/zswanevolutionmedium.fr\/mentoring\/","url":"https:\/\/zswanevolutionmedium.fr\/mentoring\/","name":"Mentoring - ZSwan Evolution Medium","isPartOf":{"@id":"https:\/\/zswanevolutionmedium.fr\/#website"},"primaryImageOfPage":{"@id":"https:\/\/zswanevolutionmedium.fr\/mentoring\/#primaryimage"},"image":{"@id":"https:\/\/zswanevolutionmedium.fr\/mentoring\/#primaryimage"},"thumbnailUrl":"https:\/\/zswanevolutionmedium.fr\/wp-content\/uploads\/2025\/10\/WhatsApp-Image-2025-10-01-at-17.16.31-1-1024x661.jpeg","datePublished":"2025-10-06T15:43:06+00:00","dateModified":"2025-11-03T15:01:58+00:00","description":"D\u00e9couvrez ZSwan Evolution Mentoring pour lib\u00e9rer votre potentiel de transformation et r\u00e9v\u00e9ler votre pouvoir int\u00e9rieur.","breadcrumb":{"@id":"https:\/\/zswanevolutionmedium.fr\/mentoring\/#breadcrumb"},"inLanguage":"en-US","potentialAction":[{"@type":"ReadAction","target":["https:\/\/zswanevolutionmedium.fr\/mentoring\/"]}]},{"@type":"ImageObject","inLanguage":"en-US","@id":"https:\/\/zswanevolutionmedium.fr\/mentoring\/#primaryimage","url":"https:\/\/zswanevolutionmedium.fr\/wp-content\/uploads\/2025\/10\/WhatsApp-Image-2025-10-01-at-17.16.31-1-1024x661.jpeg","contentUrl":"https:\/\/zswanevolutionmedium.fr\/wp-content\/uploads\/2025\/10\/WhatsApp-Image-2025-10-01-at-17.16.31-1-1024x661.jpeg"},{"@type":"BreadcrumbList","@id":"https:\/\/zswanevolutionmedium.fr\/mentoring\/#breadcrumb","itemListElement":[{"@type":"ListItem","position":1,"name":"Accueil","item":"https:\/\/zswanevolutionmedium.fr\/"},{"@type":"ListItem","position":2,"name":"Mentoring"}]},{"@type":"WebSite","@id":"https:\/\/zswanevolutionmedium.fr\/#website","url":"https:\/\/zswanevolutionmedium.fr\/","name":"ZSwan Evolution Medium - Tamara, Medium et Mentor.","description":"","publisher":{"@id":"https:\/\/zswanevolutionmedium.fr\/#organization"},"alternateName":"ZSwan","potentialAction":[{"@type":"SearchAction","target":{"@type":"EntryPoint","urlTemplate":"https:\/\/zswanevolutionmedium.fr\/?s={search_term_string}"},"query-input":{"@type":"PropertyValueSpecification","valueRequired":true,"valueName":"search_term_string"}}],"inLanguage":"en-US"},{"@type":"Organization","@id":"https:\/\/zswanevolutionmedium.fr\/#organization","name":"ZSwan Evolution Medium - Tamara, Medium et Mentor.","url":"https:\/\/zswanevolutionmedium.fr\/","logo":{"@type":"ImageObject","inLanguage":"en-US","@id":"https:\/\/zswanevolutionmedium.fr\/#\/schema\/logo\/image\/","url":"https:\/\/zswanevolutionmedium.fr\/wp-content\/uploads\/2025\/10\/Logo-ZSWAN-Coach-VF-1.png","contentUrl":"https:\/\/zswanevolutionmedium.fr\/wp-content\/uploads\/2025\/10\/Logo-ZSWAN-Coach-VF-1.png","width":1201,"height":1625,"caption":"ZSwan Evolution Medium - Tamara, Medium et Mentor."},"image":{"@id":"https:\/\/zswanevolutionmedium.fr\/#\/schema\/logo\/image\/"},"sameAs":["https:\/\/www.facebook.com\/tamara.khoury.33","https:\/\/www.youtube.com\/@ZSwanevolutionmedium","https:\/\/www.instagram.com\/zswanevolutionmedium\/"]}]}},"_links":{"self":[{"href":"https:\/\/zswanevolutionmedium.fr\/en\/wp-json\/wp\/v2\/pages\/14","targetHints":{"allow":["GET"]}}],"collection":[{"href":"https:\/\/zswanevolutionmedium.fr\/en\/wp-json\/wp\/v2\/pages"}],"about":[{"href":"https:\/\/zswanevolutionmedium.fr\/en\/wp-json\/wp\/v2\/types\/page"}],"author":[{"embeddable":true,"href":"https:\/\/zswanevolutionmedium.fr\/en\/wp-json\/wp\/v2\/users\/1"}],"replies":[{"embeddable":true,"href":"https:\/\/zswanevolutionmedium.fr\/en\/wp-json\/wp\/v2\/comments?post=14"}],"version-history":[{"count":1,"href":"https:\/\/zswanevolutionmedium.fr\/en\/wp-json\/wp\/v2\/pages\/14\/revisions"}],"predecessor-version":[{"id":1749,"href":"https:\/\/zswanevolutionmedium.fr\/en\/wp-json\/wp\/v2\/pages\/14\/revisions\/1749"}],"wp:attachment":[{"href":"https:\/\/zswanevolutionmedium.fr\/en\/wp-json\/wp\/v2\/media?parent=14"}],"curies":[{"name":"wp","href":"https:\/\/api.w.org\/{rel}","templated":true}]}}